{"id":1352,"date":"2024-06-26T21:23:02","date_gmt":"2024-06-26T21:23:02","guid":{"rendered":"https:\/\/www.facilita.al.gov.br\/home\/?page_id=1352"},"modified":"2026-02-05T18:18:12","modified_gmt":"2026-02-05T18:18:12","slug":"publicacoes-legais","status":"publish","type":"page","link":"https:\/\/deve-nove.facilita.al.gov.br\/home\/publicacoes-legais\/","title":{"rendered":"Publica\u00e7\u00f5es Legais"},"content":{"rendered":"","protected":false},"excerpt":{"rendered":"","protected":false},"author":1,"featured_media":0,"parent":0,"menu_order":0,"comment_status":"closed","ping_status":"closed","template":"template-parts\/page-junta-comercial.php","meta":{"_acf_changed":false,"footnotes":""},"class_list":["post-1352","page","type-page","status-publish","hentry"],"acf":{"servicos":[{"titulo":"Atos Decis\u00f3rios","conteudo":"","btn":"https:\/\/%s.facilita.al.gov.br\/home\/publicacoes-legais\/atos-decisorios","parametros":"","method":"POST","mensagem_modal":"","acesso":["visivel_todos"]},{"titulo":"Relat\u00f3rio de Empresas Falidas","conteudo":"","btn":"https:\/\/%s.facilita.al.gov.br\/home\/publicacoes-legais\/empresas-falidas\/","parametros":"{'https:\/\/%s.facilita.al.gov.br\/home\/publicacoes-legais\/empresas-falidas\/':''}","method":"GET","mensagem_modal":"","acesso":["visivel_todos"]},{"titulo":"Relat\u00f3rio de Empresas em Recupera\u00e7\u00e3o Judicial","conteudo":"","btn":"https:\/\/%s.facilita.al.gov.br\/home\/publicacoes-legais\/recuperacao-judicial\/","parametros":"{'https:\/\/%s.facilita.al.gov.br\/home\/publicacoes-legais\/recuperacao-judicial\/':''}","method":"GET","mensagem_modal":"","acesso":["visivel_todos"]},{"titulo":"Relat\u00f3rio de Empresas P\u00fablicas e Sociedades de Economia Mista","conteudo":"","btn":"https:\/\/%s.facilita.al.gov.br\/home\/publicacoes-legais\/empresa-publicas\/","parametros":"{'https:\/\/%s.facilita.al.gov.br\/home\/publicacoes-legais\/empresa-publicas\/':''}","method":"GET","mensagem_modal":"","acesso":["visivel_todos"]}]},"_links":{"self":[{"href":"https:\/\/deve-nove.facilita.al.gov.br\/home\/wp-json\/wp\/v2\/pages\/1352","targetHints":{"allow":["GET"]}}],"collection":[{"href":"https:\/\/deve-nove.facilita.al.gov.br\/home\/wp-json\/wp\/v2\/pages"}],"about":[{"href":"https:\/\/deve-nove.facilita.al.gov.br\/home\/wp-json\/wp\/v2\/types\/page"}],"author":[{"embeddable":true,"href":"https:\/\/deve-nove.facilita.al.gov.br\/home\/wp-json\/wp\/v2\/users\/1"}],"replies":[{"embeddable":true,"href":"https:\/\/deve-nove.facilita.al.gov.br\/home\/wp-json\/wp\/v2\/comments?post=1352"}],"version-history":[{"count":5,"href":"https:\/\/deve-nove.facilita.al.gov.br\/home\/wp-json\/wp\/v2\/pages\/1352\/revisions"}],"predecessor-version":[{"id":2452,"href":"https:\/\/deve-nove.facilita.al.gov.br\/home\/wp-json\/wp\/v2\/pages\/1352\/revisions\/2452"}],"wp:attachment":[{"href":"https:\/\/deve-nove.facilita.al.gov.br\/home\/wp-json\/wp\/v2\/media?parent=1352"}],"curies":[{"name":"wp","href":"https:\/\/api.w.org\/{rel}","templated":true}]}}