{"id":165,"date":"2023-05-22T18:27:25","date_gmt":"2023-05-22T18:27:25","guid":{"rendered":"http:\/\/www.facilita.al.gov.br\/?page_id=165"},"modified":"2025-09-17T13:46:56","modified_gmt":"2025-09-17T13:46:56","slug":"mei","status":"publish","type":"page","link":"https:\/\/deve-nove.facilita.al.gov.br\/home\/mei\/","title":{"rendered":"MEI"},"content":{"rendered":"","protected":false},"excerpt":{"rendered":"","protected":false},"author":1,"featured_media":0,"parent":0,"menu_order":0,"comment_status":"closed","ping_status":"closed","template":"template-parts\/page-junta-comercial.php","meta":{"_acf_changed":false,"footnotes":""},"class_list":["post-165","page","type-page","status-publish","hentry"],"acf":{"servicos":[{"titulo":"Abertura","conteudo":"Trata-se da consulta de viabilidade de endere\u00e7o para o MEI. O registro do MEI continua no portal do empreendedor ","btn":"https:\/\/%s.facilita.al.gov.br\/s\/consultaprevia\/prepare","parametros":"{'tipo_empresa':'mei','tipo_evento':'ab','isProd':'1','domain':'https:\/\/%s.facilita.al.gov.br'}","method":"POST","mensagem_modal":"","acesso":["visivel_todos"]},{"titulo":"Altera\u00e7\u00e3o","conteudo":"Trata-se da consulta de viabilidade de endere\u00e7o para o MEI. O registro do MEI continua no portal do empreendedor ","btn":"https:\/\/%s.facilita.al.gov.br\/s\/consultaprevia\/lista-eventos-alteracao","parametros":"{'x_tipo_empresa':'mei','x_tipo_evento':'al','evento_empresa':'eventos-mei','domain':'https:\/\/%s.facilita.al.gov.br'}","method":"POST","mensagem_modal":"","acesso":["visivel_todos"]},{"titulo":"Atualizar","conteudo":"Trata-se da atualiza\u00e7\u00e3o do cadastro do MEI na Junta Comercial","btn":"https:\/\/%s.facilita.al.gov.br\/s\/consultaprevia\/prepare-primeiro-passo\/","parametros":"{'tipo_empresa':'mei','tipo_evento':'al','evento[]':'695','isProd':'1'}","method":"POST","mensagem_modal":"","acesso":["visivel_todos"]}]},"_links":{"self":[{"href":"https:\/\/deve-nove.facilita.al.gov.br\/home\/wp-json\/wp\/v2\/pages\/165","targetHints":{"allow":["GET"]}}],"collection":[{"href":"https:\/\/deve-nove.facilita.al.gov.br\/home\/wp-json\/wp\/v2\/pages"}],"about":[{"href":"https:\/\/deve-nove.facilita.al.gov.br\/home\/wp-json\/wp\/v2\/types\/page"}],"author":[{"embeddable":true,"href":"https:\/\/deve-nove.facilita.al.gov.br\/home\/wp-json\/wp\/v2\/users\/1"}],"replies":[{"embeddable":true,"href":"https:\/\/deve-nove.facilita.al.gov.br\/home\/wp-json\/wp\/v2\/comments?post=165"}],"version-history":[{"count":1,"href":"https:\/\/deve-nove.facilita.al.gov.br\/home\/wp-json\/wp\/v2\/pages\/165\/revisions"}],"predecessor-version":[{"id":2185,"href":"https:\/\/deve-nove.facilita.al.gov.br\/home\/wp-json\/wp\/v2\/pages\/165\/revisions\/2185"}],"wp:attachment":[{"href":"https:\/\/deve-nove.facilita.al.gov.br\/home\/wp-json\/wp\/v2\/media?parent=165"}],"curies":[{"name":"wp","href":"https:\/\/api.w.org\/{rel}","templated":true}]}}