{"id":1983,"date":"2025-08-20T18:45:39","date_gmt":"2025-08-20T18:45:39","guid":{"rendered":"https:\/\/deve-nove.facilita.al.gov.br\/home\/?page_id=1983"},"modified":"2026-02-05T14:00:47","modified_gmt":"2026-02-05T14:00:47","slug":"outros-arquivamentos","status":"publish","type":"page","link":"https:\/\/deve-nove.facilita.al.gov.br\/home\/junta-comercial\/outros-arquivamentos\/","title":{"rendered":"Outros Arquivamentos"},"content":{"rendered":"","protected":false},"excerpt":{"rendered":"","protected":false},"author":1,"featured_media":0,"parent":35,"menu_order":0,"comment_status":"closed","ping_status":"closed","template":"template-parts\/page-junta-comercial.php","meta":{"_acf_changed":false,"footnotes":""},"class_list":["post-1983","page","type-page","status-publish","hentry"],"acf":{"servicos":[{"titulo":"Outros Documentos de Interesse da Empresa\/Empres\u00e1rio","conteudo":"","btn":"https:\/\/%s.facilita.al.gov.br\/evento-exclusivo\/coletar-dados-consumo\/703","parametros":"{'eventos-junta':'menu-outros-arquivamentos','tp-evento':'ex','evento[]':'703'}","method":"GET","mensagem_modal":"","acesso":["visivel_todos"]},{"titulo":"Acordo de Quotistas ou Acionistas","conteudo":"","btn":"https:\/\/%s.facilita.al.gov.br\/evento-exclusivo\/coletar-dados-consumo\/745","parametros":"{'eventos-junta':'menu-outros-arquivamentos','tp-evento':'ex','evento[]':'745'}","method":"GET","mensagem_modal":"","acesso":["visivel_todos"]},{"titulo":"Averba\u00e7\u00e3o de Processo de Execu\u00e7\u00e3o e Atos de Constri\u00e7\u00e3o","conteudo":"","btn":"https:\/\/%s.facilita.al.gov.br\/evento-exclusivo\/coletar-dados-consumo\/746","parametros":"{'eventos-junta':'menu-outros-arquivamentos','tp-evento':'ex','evento[]':'746'}","method":"GET","mensagem_modal":"","acesso":["visivel_todos"]},{"titulo":"Carta de Ren\u00fancia de Administrador","conteudo":"","btn":"https:\/\/%s.facilita.al.gov.br\/evento-exclusivo\/coletar-dados-consumo\/757","parametros":"{'eventos-junta':'menu-outros-arquivamentos','tp-evento':'ex','evento[]':'757'}","method":"GET","mensagem_modal":"","acesso":["visivel_todos"]},{"titulo":"Comunica\u00e7\u00e3o de Fal\u00eancia de Empres\u00e1rio ou S\u00f3cio","conteudo":"","btn":"https:\/\/%s.facilita.al.gov.br\/evento-exclusivo\/coletar-dados-consumo\/747","parametros":"{'eventos-junta':'menu-outros-arquivamentos','tp-evento':'ex','evento[]':'747'}","method":"GET","mensagem_modal":"","acesso":["visivel_todos"]},{"titulo":"Contrato de Loca\u00e7\u00e3o de Quotas ou A\u00e7\u00f5es","conteudo":"","btn":"https:\/\/%s.facilita.al.gov.br\/evento-exclusivo\/coletar-dados-consumo\/748","parametros":"","method":"GET","mensagem_modal":"","acesso":["visivel_todos"]},{"titulo":"Contrato de Participa\u00e7\u00e3o de Investimento-anjo","conteudo":"","btn":"https:\/\/%s.facilita.al.gov.br\/evento-exclusivo\/coletar-dados-consumo\/749","parametros":"{'eventos-junta':'menu-outros-arquivamentos','tp-evento':'ex','evento[]':'749'}","method":"GET","mensagem_modal":"","acesso":["visivel_todos"]},{"titulo":"Contrato de Promessa de Compra e Venda ou Doa\u00e7\u00e3o","conteudo":"","btn":"https:\/\/%s.facilita.al.gov.br\/evento-exclusivo\/coletar-dados-consumo\/751","parametros":"{'eventos-junta':'menu-outros-arquivamentos','tp-evento':'ex','evento[]':'751'}","method":"POST","mensagem_modal":"","acesso":["visivel_todos"]},{"titulo":"Contrato de Trespasse (Aliena\u00e7\u00e3o, Usufruto ou Arrendamento de Estabelecimento)","conteudo":"","btn":"https:\/\/%s.facilita.al.gov.br\/evento-exclusivo\/coletar-dados-consumo\/752","parametros":"{'eventos-junta':'menu-outros-arquivamentos','tp-evento':'ex','evento[]':'752'}","method":"GET","mensagem_modal":"","acesso":["visivel_todos"]},{"titulo":"Contratos de Subscri\u00e7\u00e3o, op\u00e7\u00e3o ou convers\u00e3o de Cr\u00e9dito envolvendo Quotas ou A\u00e7\u00f5es","conteudo":"","btn":"https:\/\/%s.facilita.al.gov.br\/evento-exclusivo\/coletar-dados-consumo\/753","parametros":"{'eventos-junta':'menu-outros-arquivamentos','tp-evento':'ex','evento[]':'753'}","method":"GET","mensagem_modal":"","acesso":["visivel_todos"]},{"titulo":"Instrumento de aliena\u00e7\u00e3o\/cess\u00e3o Fiduci\u00e1ria em Garantia","conteudo":"","btn":"https:\/\/%s.facilita.al.gov.br\/evento-exclusivo\/coletar-dados-consumo\/754","parametros":"{'eventos-junta':'menu-outros-arquivamentos','tp-evento':'ex','evento[]':'754'}","method":"GET","mensagem_modal":"","acesso":["visivel_todos"]},{"titulo":"Instrumento ","conteudo":"","btn":"https:\/\/%s.facilita.al.gov.br\/evento-exclusivo\/coletar-dados-consumo\/755","parametros":"{'eventos-junta':'menu-outros-arquivamentos','tp-evento':'ex','evento[]':'755'}","method":"GET","mensagem_modal":"","acesso":["visivel_todos"]},{"titulo":"Notifica\u00e7\u00e3o de Retirada de S\u00f3cio","conteudo":"","btn":"https:\/\/%s.facilita.al.gov.br\/evento-exclusivo\/coletar-dados-consumo\/756","parametros":"{'eventos-junta':'menu-outros-arquivamentos','tp-evento':'ex','evento[]':'756'}","method":"GET","mensagem_modal":"","acesso":["visivel_todos"]},{"titulo":"Pacto Antenupcial","conteudo":"","btn":"https:\/\/%s.facilita.al.gov.br\/evento-exclusivo\/coletar-dados-consumo\/723","parametros":"{'eventos-junta':'menu-outros-arquivamentos','tp-evento':'ex','evento[]':'723'}","method":"GET","mensagem_modal":"","acesso":["visivel_todos"]},{"titulo":"Senten\u00e7a de Decreta\u00e7\u00e3o ou de Homologa\u00e7\u00e3o de Separa\u00e7\u00e3o Judicial","conteudo":"","btn":"https:\/\/%s.facilita.al.gov.br\/evento-exclusivo\/coletar-dados-consumo\/727","parametros":"{'eventos-junta':'menu-outros-arquivamentos','tp-evento':'ex','evento[]':'727'}","method":"GET","mensagem_modal":"","acesso":["visivel_todos"]}]},"_links":{"self":[{"href":"https:\/\/deve-nove.facilita.al.gov.br\/home\/wp-json\/wp\/v2\/pages\/1983","targetHints":{"allow":["GET"]}}],"collection":[{"href":"https:\/\/deve-nove.facilita.al.gov.br\/home\/wp-json\/wp\/v2\/pages"}],"about":[{"href":"https:\/\/deve-nove.facilita.al.gov.br\/home\/wp-json\/wp\/v2\/types\/page"}],"author":[{"embeddable":true,"href":"https:\/\/deve-nove.facilita.al.gov.br\/home\/wp-json\/wp\/v2\/users\/1"}],"replies":[{"embeddable":true,"href":"https:\/\/deve-nove.facilita.al.gov.br\/home\/wp-json\/wp\/v2\/comments?post=1983"}],"version-history":[{"count":5,"href":"https:\/\/deve-nove.facilita.al.gov.br\/home\/wp-json\/wp\/v2\/pages\/1983\/revisions"}],"predecessor-version":[{"id":2445,"href":"https:\/\/deve-nove.facilita.al.gov.br\/home\/wp-json\/wp\/v2\/pages\/1983\/revisions\/2445"}],"up":[{"embeddable":true,"href":"https:\/\/deve-nove.facilita.al.gov.br\/home\/wp-json\/wp\/v2\/pages\/35"}],"wp:attachment":[{"href":"https:\/\/deve-nove.facilita.al.gov.br\/home\/wp-json\/wp\/v2\/media?parent=1983"}],"curies":[{"name":"wp","href":"https:\/\/api.w.org\/{rel}","templated":true}]}}