{"id":2248,"date":"2025-10-14T14:51:10","date_gmt":"2025-10-14T14:51:10","guid":{"rendered":"https:\/\/deve-oito.facilita.al.gov.br\/home\/?page_id=2248"},"modified":"2025-10-14T14:51:10","modified_gmt":"2025-10-14T14:51:10","slug":"visa-renovacao","status":"publish","type":"page","link":"https:\/\/deve-nove.facilita.al.gov.br\/home\/visa-renovacao\/","title":{"rendered":"VISA &#8211; Renova\u00e7\u00e3o"},"content":{"rendered":"","protected":false},"excerpt":{"rendered":"","protected":false},"author":1,"featured_media":0,"parent":0,"menu_order":0,"comment_status":"closed","ping_status":"closed","template":"template-parts\/page-junta-comercial.php","meta":{"_acf_changed":false,"footnotes":""},"class_list":["post-2248","page","type-page","status-publish","hentry"],"acf":{"servicos":[{"titulo":"Renova\u00e7\u00e3o para Matriz","conteudo":"Trata-se da renova\u00e7\u00e3o da licen\u00e7a sanit\u00e1ria para o estabelecimento da matriz","btn":"https:\/\/%s.piauidigital.pi.gov.br\/s\/renovacao\/estadual\/m","parametros":"{'perfil':'104302'}","method":"POST","mensagem_modal":"","acesso":["visivel_todos"]},{"titulo":"Renova\u00e7\u00e3o para Filial","conteudo":"Trata-se da renova\u00e7\u00e3o da licen\u00e7a sanit\u00e1ria para o estabelecimento da filial","btn":"https:\/\/%s.piauidigital.pi.gov.br\/s\/renovacao\/estadual\/f","parametros":"{'perfil':'104302'}","method":"POST","mensagem_modal":"","acesso":["visivel_todos"]}]},"_links":{"self":[{"href":"https:\/\/deve-nove.facilita.al.gov.br\/home\/wp-json\/wp\/v2\/pages\/2248","targetHints":{"allow":["GET"]}}],"collection":[{"href":"https:\/\/deve-nove.facilita.al.gov.br\/home\/wp-json\/wp\/v2\/pages"}],"about":[{"href":"https:\/\/deve-nove.facilita.al.gov.br\/home\/wp-json\/wp\/v2\/types\/page"}],"author":[{"embeddable":true,"href":"https:\/\/deve-nove.facilita.al.gov.br\/home\/wp-json\/wp\/v2\/users\/1"}],"replies":[{"embeddable":true,"href":"https:\/\/deve-nove.facilita.al.gov.br\/home\/wp-json\/wp\/v2\/comments?post=2248"}],"version-history":[{"count":1,"href":"https:\/\/deve-nove.facilita.al.gov.br\/home\/wp-json\/wp\/v2\/pages\/2248\/revisions"}],"predecessor-version":[{"id":2249,"href":"https:\/\/deve-nove.facilita.al.gov.br\/home\/wp-json\/wp\/v2\/pages\/2248\/revisions\/2249"}],"wp:attachment":[{"href":"https:\/\/deve-nove.facilita.al.gov.br\/home\/wp-json\/wp\/v2\/media?parent=2248"}],"curies":[{"name":"wp","href":"https:\/\/api.w.org\/{rel}","templated":true}]}}