{"id":2256,"date":"2025-10-14T15:14:00","date_gmt":"2025-10-14T15:14:00","guid":{"rendered":"https:\/\/deve-oito.facilita.al.gov.br\/home\/?page_id=2256"},"modified":"2026-03-18T19:43:29","modified_gmt":"2026-03-18T19:43:29","slug":"visa","status":"publish","type":"page","link":"https:\/\/deve-nove.facilita.al.gov.br\/home\/visa\/","title":{"rendered":"VISA"},"content":{"rendered":"","protected":false},"excerpt":{"rendered":"","protected":false},"author":1,"featured_media":0,"parent":0,"menu_order":0,"comment_status":"closed","ping_status":"closed","template":"template-parts\/page-junta-comercial.php","meta":{"_acf_changed":false,"footnotes":""},"class_list":["post-2256","page","type-page","status-publish","hentry"],"acf":{"servicos":[{"titulo":"Emiss\u00e3o do Certificado de An\u00e1lise de Projeto","conteudo":"","btn":"https:\/\/%s.facilita.al.gov.br\/workflow-service\/prepare\/primeiro-passo ","parametros":"{'orgao': 2805,'tipo_solicitacao': 17,'evento': 1807,'is_fluxo_legado': true,'perfil_entidade': 104318}","method":"POST_JSON","mensagem_modal":"","acesso":["visivel_todos"]},{"titulo":"Emiss\u00e3o de Alvar\u00e1 Sanit\u00e1rio","conteudo":"","btn":"https:\/\/%s.facilita.al.gov.br\/s\/obtencao\/municipal","parametros":"{'perfil':'104302','tipoDoc':'18'}","method":"POST","mensagem_modal":"","acesso":["visivel_todos"]},{"titulo":"Renova\u00e7\u00e3o do Alvar\u00e1 Sanit\u00e1rio","conteudo":"","btn":"https:\/\/%s.facilita.al.gov.br\/workflow-service\/prepare\/primeiro-passo ","parametros":"{'orgao': 2805,'tipo_solicitacao': 9,'evento': 1200,'is_fluxo_legado': false,'perfil_entidade': 104318}","method":"POST_JSON","mensagem_modal":"","acesso":["visivel_todos"]},{"titulo":"Amplia\u00e7\u00e3o de Atividades Econ\u00f4micas","conteudo":"","btn":"","parametros":"","method":"POST","mensagem_modal":"","acesso":["visivel_todos"]},{"titulo":"Declara\u00e7\u00e3o de Dispensa de Licenciamento Sanit\u00e1rio","conteudo":"","btn":"","parametros":"","method":"POST","mensagem_modal":"","acesso":["visivel_todos"]},{"titulo":"Laudo de Vistoria Veicular","conteudo":"","btn":"laudo-de-vistoria-veicular","parametros":"","method":"POST","mensagem_modal":"","acesso":["visivel_todos"]},{"titulo":"Declara\u00e7\u00e3o de Protocolo","conteudo":"","btn":"","parametros":"","method":"POST","mensagem_modal":"","acesso":["visivel_todos"]},{"titulo":"Certid\u00e3o de Venda Livre para Exporta\u00e7\u00e3o de Alimentos","conteudo":"","btn":"","parametros":"","method":"POST","mensagem_modal":"","acesso":["visivel_todos"]},{"titulo":"Inclus\u00e3o de Respons\u00e1vel T\u00e9cnico","conteudo":"","btn":"","parametros":"","method":"POST","mensagem_modal":"","acesso":["visivel_todos"]},{"titulo":"Baixa de Respons\u00e1vel T\u00e9cnico","conteudo":"","btn":"https:\/\/%s.facilita.al.gov.br\/workflow-service\/prepare\/primeiro-passo ","parametros":"{'orgao': 2805,'tipo_solicitacao': 11,'evento': 1814,'is_fluxo_legado': false,'perfil_entidade': 104318}\r\n","method":"POST_JSON","mensagem_modal":"","acesso":["visivel_todos"]},{"titulo":"Altera\u00e7\u00e3o de Respons\u00e1vel T\u00e9cnico","conteudo":"alteracao-do-responsavel-tecnico","btn":"https:\/\/%s.facilita.al.gov.br\/workflow-service\/prepare\/primeiro-passo ","parametros":"{'orgao': 2805,'tipo_solicitacao': 17,'evento': 1216,'is_fluxo_legado': false,'perfil_entidade': 104318}\r\n","method":"POST_JSON","mensagem_modal":"","acesso":["visivel_todos"]},{"titulo":"Credenciamento de Prestadoras de Controle de Qualidade de Equipamentos","conteudo":"","btn":"","parametros":"","method":"POST","mensagem_modal":"","acesso":["visivel_todos"]}]},"_links":{"self":[{"href":"https:\/\/deve-nove.facilita.al.gov.br\/home\/wp-json\/wp\/v2\/pages\/2256","targetHints":{"allow":["GET"]}}],"collection":[{"href":"https:\/\/deve-nove.facilita.al.gov.br\/home\/wp-json\/wp\/v2\/pages"}],"about":[{"href":"https:\/\/deve-nove.facilita.al.gov.br\/home\/wp-json\/wp\/v2\/types\/page"}],"author":[{"embeddable":true,"href":"https:\/\/deve-nove.facilita.al.gov.br\/home\/wp-json\/wp\/v2\/users\/1"}],"replies":[{"embeddable":true,"href":"https:\/\/deve-nove.facilita.al.gov.br\/home\/wp-json\/wp\/v2\/comments?post=2256"}],"version-history":[{"count":5,"href":"https:\/\/deve-nove.facilita.al.gov.br\/home\/wp-json\/wp\/v2\/pages\/2256\/revisions"}],"predecessor-version":[{"id":2547,"href":"https:\/\/deve-nove.facilita.al.gov.br\/home\/wp-json\/wp\/v2\/pages\/2256\/revisions\/2547"}],"wp:attachment":[{"href":"https:\/\/deve-nove.facilita.al.gov.br\/home\/wp-json\/wp\/v2\/media?parent=2256"}],"curies":[{"name":"wp","href":"https:\/\/api.w.org\/{rel}","templated":true}]}}