{"id":270,"date":"2023-05-23T20:02:36","date_gmt":"2023-05-23T20:02:36","guid":{"rendered":"http:\/\/www.facilita.al.gov.br\/?page_id=270"},"modified":"2026-02-04T19:05:35","modified_gmt":"2026-02-04T19:05:35","slug":"ata-estatuto","status":"publish","type":"page","link":"https:\/\/deve-nove.facilita.al.gov.br\/home\/ata-estatuto\/","title":{"rendered":"Ata\/Estatuto"},"content":{"rendered":"","protected":false},"excerpt":{"rendered":"","protected":false},"author":1,"featured_media":0,"parent":0,"menu_order":0,"comment_status":"closed","ping_status":"closed","template":"template-parts\/page-junta-comercial.php","meta":{"_acf_changed":false,"footnotes":""},"class_list":["post-270","page","type-page","status-publish","hentry"],"acf":{"servicos":[{"titulo":"Ata de Assembleia dos Debenturistas","conteudo":"Trata-se do arquivamento de Ata de Assembleia dos Debenturistas","btn":"https:\/\/%s.facilita.al.gov.br\/evento-exclusivo\/coletar-dados-consumo\/730","parametros":"{'eventos-junta':'botao-eventos-junta-ata-estatuto','tp-evento':'ex','evento[]':'730'}","method":"GET","mensagem_modal":"","acesso":["visivel_todos"]},{"titulo":"Ata de Assembleia Especial","conteudo":"Trata-se do arquivamento de Ata de Assembleia Especial","btn":"ata-de-assembleia-especial","parametros":"","method":"POST","mensagem_modal":"","acesso":["visivel_todos"]},{"titulo":"Ata de Assembleia Geral Extraordin\u00e1ria","conteudo":"Trata-se do arquivamento de Ata de Assembleia geral extraordin\u00e1ria","btn":"ata-de-assembleia-extraordinaria","parametros":"","method":"POST","mensagem_modal":"","acesso":["visivel_todos"]},{"titulo":"Ata de Assembleia Geral Ordin\u00e1ria ","conteudo":"Trata-se do arquivamento de Ata de Assembleia geral ordin\u00e1ria","btn":"ata-de-assembleia-ordinaria","parametros":"","method":"POST","mensagem_modal":"","acesso":["visivel_todos"]},{"titulo":"Ata de Assembleia Geral Ordin\u00e1ria e Extraordin\u00e1ria","conteudo":"Trata-se do arquivamento de Ata de Assembleia geral ordin\u00e1ria e extraordin\u00e1ria ","btn":"ata-assembleia-extraordinaria","parametros":"","method":"POST","mensagem_modal":"","acesso":["visivel_todos"]},{"titulo":"Ata de Reuni\u00e3o da Diretoria","conteudo":"Trata-se do arquivamento de Ata da reuni\u00e3o da diretoria","btn":"ata-reuniao-diretoria","parametros":"","method":"POST","mensagem_modal":"","acesso":["visivel_todos"]},{"titulo":"Ata de Reuni\u00e3o do Conselho de Administra\u00e7\u00e3o","conteudo":"Trata-se do arquivamento de Ata de reuni\u00e3o do conselho de Administra\u00e7\u00e3o","btn":"ata-reuniao-conselho-administracao","parametros":"","method":"POST","mensagem_modal":"","acesso":["visivel_todos"]},{"titulo":"Ata de Reuni\u00e3o do Conselho Fiscal","conteudo":"Trata-se do arquivamento de Ata de reuni\u00e3o do conselho fiscal","btn":"ata-reuniao-conselho-fiscal","parametros":"","method":"POST","mensagem_modal":"","acesso":["visivel_todos"]},{"titulo":"Ata de Reuni\u00e3o\/Assembleia de S\u00f3cios","conteudo":"Trata-se do arquivamento de Ata de reuniao\/Assembleia de s\u00f3cios","btn":"https:\/\/%s.facilita.al.gov.br\/evento-exclusivo\/coletar-dados-consumo\/732","parametros":"{'eventos-junta':'botao-eventos-junta-ata-estatuto','tp-evento':'ex','evento[]':'732'}","method":"GET","mensagem_modal":"","acesso":["visivel_todos"]},{"titulo":"Decis\u00e3o de S\u00f3cios\/Titular","conteudo":"Trata-se do arquivamento de Decis\u00e3o dos S\u00f3cios","btn":"https:\/\/%s.facilita.al.gov.br\/evento-exclusivo\/coletar-dados-consumo\/954","parametros":"{'eventos-junta':'botao-eventos-junta-ata-estatuto','tp-evento':'ex','evento[]':'954'}","method":"GET","mensagem_modal":"","acesso":["visivel_todos"]},{"titulo":"Delibera\u00e7\u00e3o de Diretoria","conteudo":"","btn":"https:\/\/%s.facilita.al.gov.br\/evento-exclusivo\/coletar-dados-consumo\/715","parametros":"{'eventos-junta':'botao-eventos-junta-ata-estatuto','tp-evento':'ex','evento[]':'715'}","method":"POST","mensagem_modal":"","acesso":["visivel_todos"]},{"titulo":"Delibera\u00e7\u00e3o de Ger\u00eancia","conteudo":"","btn":"https:\/\/%s.facilita.al.gov.br\/evento-exclusivo\/coletar-dados-consumo\/716","parametros":"{'eventos-junta':'botao-eventos-junta-ata-estatuto','tp-evento':'ex','evento[]':'716'}","method":"POST","mensagem_modal":"","acesso":["visivel_todos"]},{"titulo":"Estatuto Social","conteudo":"Trata-se do arquivamento de Estatuto Social","btn":"https:\/\/%s.facilita.al.gov.br\/evento-exclusivo\/coletar-dados-consumo\/705","parametros":"{'eventos-junta':'botao-eventos-junta-ata-estatuto','tp-evento':'ex','evento[]':'705'}","method":"GET","mensagem_modal":"","acesso":["visivel_todos"]}]},"_links":{"self":[{"href":"https:\/\/deve-nove.facilita.al.gov.br\/home\/wp-json\/wp\/v2\/pages\/270","targetHints":{"allow":["GET"]}}],"collection":[{"href":"https:\/\/deve-nove.facilita.al.gov.br\/home\/wp-json\/wp\/v2\/pages"}],"about":[{"href":"https:\/\/deve-nove.facilita.al.gov.br\/home\/wp-json\/wp\/v2\/types\/page"}],"author":[{"embeddable":true,"href":"https:\/\/deve-nove.facilita.al.gov.br\/home\/wp-json\/wp\/v2\/users\/1"}],"replies":[{"embeddable":true,"href":"https:\/\/deve-nove.facilita.al.gov.br\/home\/wp-json\/wp\/v2\/comments?post=270"}],"version-history":[{"count":5,"href":"https:\/\/deve-nove.facilita.al.gov.br\/home\/wp-json\/wp\/v2\/pages\/270\/revisions"}],"predecessor-version":[{"id":2426,"href":"https:\/\/deve-nove.facilita.al.gov.br\/home\/wp-json\/wp\/v2\/pages\/270\/revisions\/2426"}],"wp:attachment":[{"href":"https:\/\/deve-nove.facilita.al.gov.br\/home\/wp-json\/wp\/v2\/media?parent=270"}],"curies":[{"name":"wp","href":"https:\/\/api.w.org\/{rel}","templated":true}]}}