{"id":330,"date":"2023-05-24T10:56:52","date_gmt":"2023-05-24T10:56:52","guid":{"rendered":"http:\/\/www.facilita.al.gov.br\/?page_id=330"},"modified":"2026-02-04T20:22:23","modified_gmt":"2026-02-04T20:22:23","slug":"debentures","status":"publish","type":"page","link":"https:\/\/deve-nove.facilita.al.gov.br\/home\/debentures\/","title":{"rendered":"Deb\u00eantures"},"content":{"rendered":"","protected":false},"excerpt":{"rendered":"","protected":false},"author":1,"featured_media":0,"parent":0,"menu_order":0,"comment_status":"closed","ping_status":"closed","template":"template-parts\/page-junta-comercial.php","meta":{"_acf_changed":false,"footnotes":""},"class_list":["post-330","page","type-page","status-publish","hentry"],"acf":{"servicos":[{"titulo":"Escritura de Emiss\u00e3o de Deb\u00eantures","conteudo":"Trata-se da escritura e emiss\u00e3o de deb\u00eantures","btn":"escritura-emissao-debentures","parametros":"","method":"POST","mensagem_modal":"","acesso":["visivel_todos"]},{"titulo":"Aditamento de Escritura de Emiss\u00e3o de Deb\u00eantures","conteudo":"Trata-se do aditamento da escritura de emiss\u00e3o de deb\u00eantures","btn":"aditamento-escritura-debentures","parametros":"","method":"POST","mensagem_modal":"","acesso":["visivel_todos"]},{"titulo":"Ata de Assembleia dos Debenturistas","conteudo":"","btn":"https:\/\/%s.facilita.al.gov.br\/evento-exclusivo\/coletar-dados-consumo\/730","parametros":"{'eventos-junta':'botao-eventos-junta-ata-estatuto','tp-evento':'ex','evento[]':'730'}","method":"POST","mensagem_modal":"","acesso":""}]},"_links":{"self":[{"href":"https:\/\/deve-nove.facilita.al.gov.br\/home\/wp-json\/wp\/v2\/pages\/330","targetHints":{"allow":["GET"]}}],"collection":[{"href":"https:\/\/deve-nove.facilita.al.gov.br\/home\/wp-json\/wp\/v2\/pages"}],"about":[{"href":"https:\/\/deve-nove.facilita.al.gov.br\/home\/wp-json\/wp\/v2\/types\/page"}],"author":[{"embeddable":true,"href":"https:\/\/deve-nove.facilita.al.gov.br\/home\/wp-json\/wp\/v2\/users\/1"}],"replies":[{"embeddable":true,"href":"https:\/\/deve-nove.facilita.al.gov.br\/home\/wp-json\/wp\/v2\/comments?post=330"}],"version-history":[{"count":2,"href":"https:\/\/deve-nove.facilita.al.gov.br\/home\/wp-json\/wp\/v2\/pages\/330\/revisions"}],"predecessor-version":[{"id":2435,"href":"https:\/\/deve-nove.facilita.al.gov.br\/home\/wp-json\/wp\/v2\/pages\/330\/revisions\/2435"}],"wp:attachment":[{"href":"https:\/\/deve-nove.facilita.al.gov.br\/home\/wp-json\/wp\/v2\/media?parent=330"}],"curies":[{"name":"wp","href":"https:\/\/api.w.org\/{rel}","templated":true}]}}