{"id":335,"date":"2023-05-24T10:58:49","date_gmt":"2023-05-24T10:58:49","guid":{"rendered":"http:\/\/www.facilita.al.gov.br\/?page_id=335"},"modified":"2025-09-16T13:10:57","modified_gmt":"2025-09-16T13:10:57","slug":"aditamento-escritura-debentures","status":"publish","type":"page","link":"https:\/\/deve-nove.facilita.al.gov.br\/home\/aditamento-escritura-debentures\/","title":{"rendered":"Aditamento de Escritura de Emiss\u00e3o de Deb\u00eantures"},"content":{"rendered":"","protected":false},"excerpt":{"rendered":"","protected":false},"author":1,"featured_media":0,"parent":0,"menu_order":0,"comment_status":"closed","ping_status":"closed","template":"template-parts\/page-junta-comercial.php","meta":{"_acf_changed":false,"footnotes":""},"class_list":["post-335","page","type-page","status-publish","hentry"],"acf":{"servicos":[{"titulo":"Sem Atualiza\u00e7\u00e3o Cadastral","conteudo":"Trata-se do registro sem atualiza\u00e7\u00e3o cadastral","btn":"https:\/\/%s.facilita.al.gov.br\/evento-exclusivo\/coletar-dados-consumo\/956","parametros":"{'eventos-junta':'menu-debentures','tp-evento':'e','evento[]':'956'}","method":"GET","mensagem_modal":"","acesso":["visivel_todos"]}]},"_links":{"self":[{"href":"https:\/\/deve-nove.facilita.al.gov.br\/home\/wp-json\/wp\/v2\/pages\/335","targetHints":{"allow":["GET"]}}],"collection":[{"href":"https:\/\/deve-nove.facilita.al.gov.br\/home\/wp-json\/wp\/v2\/pages"}],"about":[{"href":"https:\/\/deve-nove.facilita.al.gov.br\/home\/wp-json\/wp\/v2\/types\/page"}],"author":[{"embeddable":true,"href":"https:\/\/deve-nove.facilita.al.gov.br\/home\/wp-json\/wp\/v2\/users\/1"}],"replies":[{"embeddable":true,"href":"https:\/\/deve-nove.facilita.al.gov.br\/home\/wp-json\/wp\/v2\/comments?post=335"}],"version-history":[{"count":1,"href":"https:\/\/deve-nove.facilita.al.gov.br\/home\/wp-json\/wp\/v2\/pages\/335\/revisions"}],"predecessor-version":[{"id":2182,"href":"https:\/\/deve-nove.facilita.al.gov.br\/home\/wp-json\/wp\/v2\/pages\/335\/revisions\/2182"}],"wp:attachment":[{"href":"https:\/\/deve-nove.facilita.al.gov.br\/home\/wp-json\/wp\/v2\/media?parent=335"}],"curies":[{"name":"wp","href":"https:\/\/api.w.org\/{rel}","templated":true}]}}