{"id":343,"date":"2023-05-24T11:15:06","date_gmt":"2023-05-24T11:15:06","guid":{"rendered":"http:\/\/www.facilita.al.gov.br\/?page_id=343"},"modified":"2026-02-11T17:08:26","modified_gmt":"2026-02-11T17:08:26","slug":"procuracao","status":"publish","type":"page","link":"https:\/\/deve-nove.facilita.al.gov.br\/home\/procuracao\/","title":{"rendered":"Procura\u00e7\u00e3o"},"content":{"rendered":"","protected":false},"excerpt":{"rendered":"","protected":false},"author":1,"featured_media":0,"parent":0,"menu_order":0,"comment_status":"closed","ping_status":"closed","template":"template-parts\/page-junta-comercial.php","meta":{"_acf_changed":false,"footnotes":""},"class_list":["post-343","page","type-page","status-publish","hentry"],"acf":{"servicos":[{"titulo":"Procura\u00e7\u00e3o","conteudo":"Trata-se do registro da procura\u00e7\u00e3o","btn":"alteracao-de-empresa","parametros":"","method":"POST","mensagem_modal":"","acesso":["visivel_todos"]},{"titulo":"Revoga\u00e7\u00e3o de Procura\u00e7\u00e3o","conteudo":"Trata-se do registro da revoga\u00e7\u00e3o de procura\u00e7\u00e3o","btn":"revogacao-procuracao","parametros":"","method":"POST","mensagem_modal":"","acesso":["visivel_todos"]},{"titulo":"Procura\u00e7\u00e3o sem Altera\u00e7\u00e3o Cadastral","conteudo":"","btn":"https:\/\/%s.facilita.al.gov.br\/evento-exclusivo\/coletar-dados-consumo\/900","parametros":"{'eventos-junta':'menu-procuracao','tp-evento':'ex','evento[]':'900'}","method":"GET","mensagem_modal":"","acesso":""},{"titulo":"Procura\u00e7\u00e3o P\u00fablica","conteudo":"","btn":"https:\/\/%s.facilita.al.gov.br\/evento-exclusivo\/capa-processo\/","parametros":" {'eventos-junta':'menu-procuracao','tp-evento':'cpp','ato-siarco[]':'{020}','evento-siarco':'220','evento-redesim':'953'}","method":"GET","mensagem_modal":"","acesso":["visivel_todos"]}]},"_links":{"self":[{"href":"https:\/\/deve-nove.facilita.al.gov.br\/home\/wp-json\/wp\/v2\/pages\/343","targetHints":{"allow":["GET"]}}],"collection":[{"href":"https:\/\/deve-nove.facilita.al.gov.br\/home\/wp-json\/wp\/v2\/pages"}],"about":[{"href":"https:\/\/deve-nove.facilita.al.gov.br\/home\/wp-json\/wp\/v2\/types\/page"}],"author":[{"embeddable":true,"href":"https:\/\/deve-nove.facilita.al.gov.br\/home\/wp-json\/wp\/v2\/users\/1"}],"replies":[{"embeddable":true,"href":"https:\/\/deve-nove.facilita.al.gov.br\/home\/wp-json\/wp\/v2\/comments?post=343"}],"version-history":[{"count":5,"href":"https:\/\/deve-nove.facilita.al.gov.br\/home\/wp-json\/wp\/v2\/pages\/343\/revisions"}],"predecessor-version":[{"id":2497,"href":"https:\/\/deve-nove.facilita.al.gov.br\/home\/wp-json\/wp\/v2\/pages\/343\/revisions\/2497"}],"wp:attachment":[{"href":"https:\/\/deve-nove.facilita.al.gov.br\/home\/wp-json\/wp\/v2\/media?parent=343"}],"curies":[{"name":"wp","href":"https:\/\/api.w.org\/{rel}","templated":true}]}}