{"id":346,"date":"2023-05-24T11:18:57","date_gmt":"2023-05-24T11:18:57","guid":{"rendered":"http:\/\/www.facilita.al.gov.br\/?page_id=346"},"modified":"2026-02-11T19:21:12","modified_gmt":"2026-02-11T19:21:12","slug":"revogacao-procuracao","status":"publish","type":"page","link":"https:\/\/deve-nove.facilita.al.gov.br\/home\/revogacao-procuracao\/","title":{"rendered":"Revoga\u00e7\u00e3o de Procura\u00e7\u00e3o"},"content":{"rendered":"","protected":false},"excerpt":{"rendered":"","protected":false},"author":1,"featured_media":0,"parent":0,"menu_order":0,"comment_status":"closed","ping_status":"closed","template":"template-parts\/page-junta-comercial.php","meta":{"_acf_changed":false,"footnotes":""},"class_list":["post-346","page","type-page","status-publish","hentry"],"acf":{"servicos":[{"titulo":"Processo com altera\u00e7\u00e3o cadastral","conteudo":"Trata-se da revoga\u00e7\u00e3o de um procurador que consta no cadastro da empresa","btn":"alteracao-de-empresa","parametros":"","method":"GET","mensagem_modal":"","acesso":["visivel_todos"]},{"titulo":"Processo sem altera\u00e7\u00e3o cadastral","conteudo":"Trata-se da revoga\u00e7\u00e3o de um procurador para um procurador que n\u00e3o consta no cadastro da empresa","btn":"https:\/\/%s.facilita.al.gov.br\/evento-exclusivo\/coletar-dados-consumo\/707","parametros":"{'eventos-junta':'menu-procuracao','tp-evento':'ex','evento[]':'707'}","method":"GET","mensagem_modal":"","acesso":["visivel_todos"]}]},"_links":{"self":[{"href":"https:\/\/deve-nove.facilita.al.gov.br\/home\/wp-json\/wp\/v2\/pages\/346","targetHints":{"allow":["GET"]}}],"collection":[{"href":"https:\/\/deve-nove.facilita.al.gov.br\/home\/wp-json\/wp\/v2\/pages"}],"about":[{"href":"https:\/\/deve-nove.facilita.al.gov.br\/home\/wp-json\/wp\/v2\/types\/page"}],"author":[{"embeddable":true,"href":"https:\/\/deve-nove.facilita.al.gov.br\/home\/wp-json\/wp\/v2\/users\/1"}],"replies":[{"embeddable":true,"href":"https:\/\/deve-nove.facilita.al.gov.br\/home\/wp-json\/wp\/v2\/comments?post=346"}],"version-history":[{"count":1,"href":"https:\/\/deve-nove.facilita.al.gov.br\/home\/wp-json\/wp\/v2\/pages\/346\/revisions"}],"predecessor-version":[{"id":2498,"href":"https:\/\/deve-nove.facilita.al.gov.br\/home\/wp-json\/wp\/v2\/pages\/346\/revisions\/2498"}],"wp:attachment":[{"href":"https:\/\/deve-nove.facilita.al.gov.br\/home\/wp-json\/wp\/v2\/media?parent=346"}],"curies":[{"name":"wp","href":"https:\/\/api.w.org\/{rel}","templated":true}]}}