{"id":35,"date":"2023-05-11T18:55:02","date_gmt":"2023-05-11T18:55:02","guid":{"rendered":"http:\/\/www.facilita.al.gov.br\/?page_id=35"},"modified":"2026-02-09T14:51:23","modified_gmt":"2026-02-09T14:51:23","slug":"junta-comercial","status":"publish","type":"page","link":"https:\/\/deve-nove.facilita.al.gov.br\/home\/junta-comercial\/","title":{"rendered":"Junta Comercial"},"content":{"rendered":"","protected":false},"excerpt":{"rendered":"","protected":false},"author":1,"featured_media":0,"parent":0,"menu_order":0,"comment_status":"closed","ping_status":"closed","template":"template-parts\/page-junta-comercial.php","meta":{"_acf_changed":false,"footnotes":""},"class_list":["post-35","page","type-page","status-publish","hentry"],"acf":{"servicos":[{"titulo":"Certid\u00f5es","conteudo":"Trata-se do acesso a listagem dos eventos de Certid\u00e3o","btn":"https:\/\/%s.facilita.al.gov.br\/acoes\/certidao","parametros":"","method":"POST","mensagem_modal":"","acesso":["visivel_todos"]},{"titulo":"Livro Digital","conteudo":"Trata-se do acesso a listagem dos eventos Livro Digital","btn":"https:\/\/%s.facilita.al.gov.br\/acoes\/livro-digital","parametros":"","method":"POST","mensagem_modal":"","acesso":["visivel_todos"]},{"titulo":"Ata\/Estatuto","conteudo":"Trata-se do acesso a listagem de Ata\/Estatuto","btn":"https:\/\/%s.facilita.al.gov.br\/acoes\/ata-estatuto","parametros":"","method":"POST","mensagem_modal":"","acesso":["visivel_todos"]},{"titulo":"Balan\u00e7o","conteudo":"Trata-se do arquivamento de Balan\u00e7o de Empresa","btn":"https:\/\/%s.facilita.al.gov.br\/acoes\/balanco","parametros":"","method":"GET","mensagem_modal":"","acesso":["visivel_todos"]},{"titulo":"Armaz\u00e9m Geral","conteudo":"Trata-se do acesso a listagem dos eventos de Armaz\u00e9m Geral","btn":"https:\/\/%s.facilita.al.gov.br\/acoes\/armazem-geral","parametros":"","method":"POST","mensagem_modal":"","acesso":["visivel_todos"]},{"titulo":"Atendimento a \u00d3rg\u00e3os P\u00fablicos","conteudo":"Trata-se do Atendimento aos \u00f3rg\u00e3os p\u00fablicos","btn":"https:\/\/%s.facilita.al.gov.br\/evento-exclusivo\/atendimento-oficio\/","parametros":"","method":"POST","mensagem_modal":"","acesso":["visivel_todos"]},{"titulo":"Boletim de Subscri\u00e7\u00e3o","conteudo":"","btn":"https:\/\/%s.facilita.al.gov.br\/evento-exclusivo\/capa-processo\/","parametros":"{'eventos-junta':'menu-outros','tp-evento':'cpp','ato-siarco[]':'{005}','evento-siarco':'053','evento-redesim':'953'}","method":"GET","mensagem_modal":"","acesso":["visivel_todos"]},{"titulo":"Cancelamento de Anota\u00e7\u00e3o de Ajuizamento de Execu\u00e7\u00e3o-cpc Art. 615-a","conteudo":"","btn":"","parametros":"","method":"POST","mensagem_modal":"","acesso":""},{"titulo":"Cancelamento de Nomea\u00e7\u00e3o de Fiel Deposit\u00e1rio","conteudo":"Trata-se do arquivamento de Cancelamento De Nomea\u00e7\u00e3o De Fiel Deposit\u00e1rio","btn":"https:\/\/%s.facilita.al.gov.br\/evento-exclusivo\/coletar-dados-consumo\/908","parametros":"{'eventos-junta':'menu-outros','tp-evento':'ex','evento[]':'908'}","method":"GET","mensagem_modal":"","acesso":["visivel_todos"]},{"titulo":"Carta de Exclusividade","conteudo":"Trata-se do arquivamento de Carta de Exclusividade","btn":"https:\/\/%s.facilita.al.gov.br\/evento-exclusivo\/coletar-dados-consumo\/733","parametros":"{'eventos-junta':'menu-outros','tp-evento':'ex','evento[]':'733'}","method":"GET","mensagem_modal":"","acesso":["visivel_todos"]},{"titulo":"Carta de Ren\u00fancia","conteudo":"Trata-se do arquivamento de Carta de Ren\u00fancia","btn":"https:\/\/%s.facilita.al.gov.br\/evento-exclusivo\/coletar-dados-consumo\/706","parametros":"{'eventos-junta':'menu-outros','tp-evento':'ex','evento[]':'706'}","method":"GET","mensagem_modal":"","acesso":["visivel_todos"]},{"titulo":"Carteira Profissional","conteudo":"https:\/\/deve-oito.facilita.al.gov.br\/acoes\/carteira-profissional","btn":"","parametros":"","method":"POST","mensagem_modal":"","acesso":""},{"titulo":"Comunica\u00e7\u00e3o de Extravio de Instrumento de Escritura\u00e7\u00e3o","conteudo":"Trata-se do arquivamento de Comunica\u00e7\u00e3o De Extravio De Instrumento De Escritura\u00e7\u00e3o","btn":"https:\/\/%s.facilita.al.gov.br\/evento-exclusivo\/coletar-dados-consumo\/713","parametros":"{'eventos-junta':'menu-outros','tp-evento':'ex','evento[]':'713'}","method":"GET","mensagem_modal":"","acesso":["visivel_todos"]},{"titulo":"Consulta a Documentos","conteudo":"","btn":"https:\/\/%s.facilita.al.gov.br\/evento-exclusivo\/capa-processo\/","parametros":"{'eventos-junta':'menu-outros','tp-evento':'cpp','ato-siarco[]':'{602}','evento-siarco':'602','evento-redesim':'953'}","method":"GET","mensagem_modal":"","acesso":["visivel_todos"]},{"titulo":"Consultar Empresa","conteudo":"","btn":"","parametros":"","method":"POST","mensagem_modal":"","acesso":""},{"titulo":"Deb\u00eantures","conteudo":"Trata-se do acesso a listagem dos eventos de Deb\u00eantures","btn":"debentures","parametros":"","method":"POST","mensagem_modal":"","acesso":["visivel_todos"]},{"titulo":"Declara\u00e7\u00e3o Antenupcial","conteudo":"Trata-se do arquivamento de Declara\u00e7\u00e3o Antenupcial","btn":"https:\/\/%s.facilita.al.gov.br\/evento-exclusivo\/coletar-dados-consumo\/722","parametros":"{'eventos-junta':'menu-outros','tp-evento':'ex','evento[]':'722'}","method":"GET","mensagem_modal":"","acesso":["visivel_todos"]},{"titulo":" Desist\u00eancia de Servi\u00e7o Requerido","conteudo":"","btn":"","parametros":"","method":"POST","mensagem_modal":"","acesso":""},{"titulo":"Leiloeiro","conteudo":"Trata-se do acesso a listagem dos eventos de Leiloeiro","btn":"leiloeiro","parametros":"","method":"POST","mensagem_modal":"","acesso":["visivel_todos"]},{"titulo":"Nomea\u00e7\u00e3o de Fiel Deposit\u00e1rio","conteudo":"Trata-se do arquivamento de Nomea\u00e7\u00e3o De Fiel Deposit\u00e1rio","btn":"https:\/\/%s.facilita.al.gov.br\/evento-exclusivo\/coletar-dados-consumo\/907","parametros":"{'eventos-junta':'menu-outros','tp-evento':'ex','evento[]':'907'}","method":"GET","mensagem_modal":"","acesso":["visivel_todos"]},{"titulo":"Outros Arquivamentos","conteudo":"","btn":"outros-arquivamentos","parametros":"","method":"POST","mensagem_modal":"","acesso":["visivel_todos"]},{"titulo":"Procura\u00e7\u00e3o","conteudo":"Trata-se do arquivamento de Procura\u00e7\u00e3o","btn":"procuracao","parametros":"","method":"POST","mensagem_modal":"","acesso":["visivel_todos"]},{"titulo":"Prote\u00e7\u00e3o de Nome Empresarial","conteudo":"Trata-se do registro, altera\u00e7\u00e3o e cancelamento da prote\u00e7\u00e3o de nome empresarial na Junta Comercial","btn":"protecao-nome-empresarial","parametros":"","method":"POST","mensagem_modal":"","acesso":["visivel_todos"]},{"titulo":"Publica\u00e7\u00f5es","conteudo":"Trata-se de anota\u00e7\u00f5es e arquivamentos de atos de sociedades","btn":"publicacoes","parametros":"","method":"POST","mensagem_modal":"","acesso":["visivel_todos"]},{"titulo":" Recurso","conteudo":"","btn":"recurso","parametros":"","method":"POST","mensagem_modal":"","acesso":["visivel_todos"]},{"titulo":"Tradutor","conteudo":"Trata-se do acesso a listagem dos eventos de Tradutor","btn":"tradutor","parametros":"","method":"POST","mensagem_modal":"","acesso":["visivel_todos"]},{"titulo":"Termo de Compromisso de Fiel Deposit\u00e1rio","conteudo":"Trata-se do arquivamento de Termo De Compromisso De Fiel Deposit\u00e1rio","btn":"https:\/\/%s.facilita.al.gov.br\/evento-exclusivo\/coletar-dados-consumo\/1604","parametros":"{'eventos-junta':'menu-outros','tp-evento':'ex','evento[]':'1604'}","method":"GET","mensagem_modal":"","acesso":["visivel_todos"]},{"titulo":"Exportar Dados de Empresas Mercantis","conteudo":"","btn":"https:\/\/%s.facilita.al.gov.br\/exportar-dados-mercantis\/requerente","parametros":"","method":"POST","mensagem_modal":"","acesso":["visivel_todos"]},{"titulo":" Taxa Avulsa","conteudo":"","btn":"","parametros":"","method":"POST","mensagem_modal":"","acesso":""},{"titulo":"Outros Servi\u00e7os","conteudo":"","btn":"","parametros":"","method":"POST","mensagem_modal":"","acesso":""}]},"_links":{"self":[{"href":"https:\/\/deve-nove.facilita.al.gov.br\/home\/wp-json\/wp\/v2\/pages\/35","targetHints":{"allow":["GET"]}}],"collection":[{"href":"https:\/\/deve-nove.facilita.al.gov.br\/home\/wp-json\/wp\/v2\/pages"}],"about":[{"href":"https:\/\/deve-nove.facilita.al.gov.br\/home\/wp-json\/wp\/v2\/types\/page"}],"author":[{"embeddable":true,"href":"https:\/\/deve-nove.facilita.al.gov.br\/home\/wp-json\/wp\/v2\/users\/1"}],"replies":[{"embeddable":true,"href":"https:\/\/deve-nove.facilita.al.gov.br\/home\/wp-json\/wp\/v2\/comments?post=35"}],"version-history":[{"count":5,"href":"https:\/\/deve-nove.facilita.al.gov.br\/home\/wp-json\/wp\/v2\/pages\/35\/revisions"}],"predecessor-version":[{"id":2488,"href":"https:\/\/deve-nove.facilita.al.gov.br\/home\/wp-json\/wp\/v2\/pages\/35\/revisions\/2488"}],"wp:attachment":[{"href":"https:\/\/deve-nove.facilita.al.gov.br\/home\/wp-json\/wp\/v2\/media?parent=35"}],"curies":[{"name":"wp","href":"https:\/\/api.w.org\/{rel}","templated":true}]}}